{"id":9659,"date":"2015-02-03T20:15:09","date_gmt":"2015-02-03T19:15:09","guid":{"rendered":"https:\/\/resorthvar.com\/gastronomia\/"},"modified":"2023-08-09T15:19:19","modified_gmt":"2023-08-09T13:19:19","slug":"gastronomia","status":"publish","type":"page","link":"https:\/\/resorthvar.com\/pl\/gastronomia\/","title":{"rendered":"Gastronomia"},"content":{"rendered":"<p><div class=\"fusion-fullwidth fullwidth-box fusion-builder-row-1 nonhundred-percent-fullwidth non-hundred-percent-height-scrolling\" style=\"--awb-background-position:left top;--awb-border-radius-top-left:0px;--awb-border-radius-top-right:0px;--awb-border-radius-bottom-right:0px;--awb-border-radius-bottom-left:0px;--awb-padding-top:0px;--awb-padding-bottom:85px;--awb-border-sizes-top:0px;--awb-border-sizes-bottom:0px;--awb-flex-wrap:wrap;\" ><div class=\"fusion-builder-row fusion-row\"><div class=\"fusion-layout-column fusion_builder_column fusion-builder-column-0 fusion_builder_column_1_2 1_2 fusion-one-half fusion-column-first\" style=\"--awb-padding-top:114px;--awb-bg-color:#ffffff;--awb-bg-color-hover:#ffffff;--awb-bg-size:cover;--awb-border-color:#ebeef1;--awb-border-style:solid;width:48%; margin-right: 4%;\"><div class=\"fusion-column-wrapper fusion-column-has-shadow fusion-flex-column-wrapper-legacy\"><div class=\"fusion-builder-row fusion-builder-row-inner fusion-row\"><div class=\"fusion-layout-column fusion_builder_column_inner fusion-builder-nested-column-0 fusion_builder_column_inner_1_1 1_1 fusion-one-full fusion-column-first fusion-column-last\" style=\"--awb-bg-size:cover;\"><div class=\"fusion-column-wrapper fusion-column-has-shadow fusion-flex-column-wrapper-legacy\"><div class=\"awb-gallery-wrapper awb-gallery-wrapper-1 button-span-no\"><div style=\"margin:-10px;--awb-bordersize:0px;\" class=\"fusion-gallery fusion-gallery-container fusion-grid-2 fusion-columns-total-4 fusion-gallery-layout-grid fusion-gallery-1\"><div style=\"padding:10px;\" class=\"fusion-grid-column fusion-gallery-column fusion-gallery-column-2 hover-type-none\"><div class=\"fusion-gallery-image\"><a href=\"https:\/\/resorthvar.com\/wp-content\/uploads\/2022\/03\/11391179_725364974276444_1979186639584606048_n.jpg\" rel=\"noreferrer\" data-rel=\"iLightbox[gallery_image_1]\" class=\"fusion-lightbox\" target=\"_self\"><img decoding=\"async\" src=\"https:\/\/resorthvar.com\/wp-content\/uploads\/2022\/03\/11391179_725364974276444_1979186639584606048_n-460x295.jpg\" width=\"460\" height=\"295\" alt=\"\" title=\"11391179_725364974276444_1979186639584606048_n\" aria-label=\"11391179_725364974276444_1979186639584606048_n\" class=\"img-responsive wp-image-3584 fusion-gallery-image-size-fixed\"  \/><\/a><\/div><\/div><div style=\"padding:10px;\" class=\"fusion-grid-column fusion-gallery-column fusion-gallery-column-2 hover-type-none\"><div class=\"fusion-gallery-image\"><a href=\"https:\/\/resorthvar.com\/wp-content\/uploads\/2022\/03\/66749802_1796160473863550_8158244753314414592_n.jpg\" rel=\"noreferrer\" data-rel=\"iLightbox[gallery_image_1]\" class=\"fusion-lightbox\" target=\"_self\"><img decoding=\"async\" src=\"https:\/\/resorthvar.com\/wp-content\/uploads\/2022\/03\/66749802_1796160473863550_8158244753314414592_n-460x295.jpg\" width=\"460\" height=\"295\" alt=\"\" title=\"66749802_1796160473863550_8158244753314414592_n\" aria-label=\"66749802_1796160473863550_8158244753314414592_n\" class=\"img-responsive wp-image-3585 fusion-gallery-image-size-fixed\"  \/><\/a><\/div><\/div><div class=\"clearfix\"><\/div><div style=\"padding:10px;\" class=\"fusion-grid-column fusion-gallery-column fusion-gallery-column-2 hover-type-none\"><div class=\"fusion-gallery-image\"><a href=\"https:\/\/resorthvar.com\/wp-content\/uploads\/2022\/03\/14568120_1003053123174293_9125590636658481393_n.jpg\" rel=\"noreferrer\" data-rel=\"iLightbox[gallery_image_1]\" class=\"fusion-lightbox\" target=\"_self\"><img decoding=\"async\" src=\"https:\/\/resorthvar.com\/wp-content\/uploads\/2022\/03\/14568120_1003053123174293_9125590636658481393_n-460x295.jpg\" width=\"460\" height=\"295\" alt=\"\" title=\"14568120_1003053123174293_9125590636658481393_n\" aria-label=\"14568120_1003053123174293_9125590636658481393_n\" class=\"img-responsive wp-image-3586 fusion-gallery-image-size-fixed\"  \/><\/a><\/div><\/div><div style=\"padding:10px;\" class=\"fusion-grid-column fusion-gallery-column fusion-gallery-column-2 hover-type-none\"><div class=\"fusion-gallery-image\"><a href=\"https:\/\/resorthvar.com\/wp-content\/uploads\/2022\/03\/97993641_2132020000277594_968676023312842752_n.jpg\" rel=\"noreferrer\" data-rel=\"iLightbox[gallery_image_1]\" class=\"fusion-lightbox\" target=\"_self\"><img decoding=\"async\" src=\"https:\/\/resorthvar.com\/wp-content\/uploads\/2022\/03\/97993641_2132020000277594_968676023312842752_n-460x295.jpg\" width=\"460\" height=\"295\" alt=\"\" title=\"97993641_2132020000277594_968676023312842752_n\" aria-label=\"97993641_2132020000277594_968676023312842752_n\" class=\"img-responsive wp-image-3587 fusion-gallery-image-size-fixed\"  \/><\/a><\/div><\/div><div class=\"clearfix\"><\/div><\/div><\/div><div class=\"fusion-clearfix\"><\/div><\/div><\/div><\/div><div class=\"fusion-clearfix\"><\/div><\/div><\/div><div class=\"fusion-layout-column fusion_builder_column fusion-builder-column-1 fusion_builder_column_1_2 1_2 fusion-one-half fusion-column-last\" style=\"--awb-bg-size:cover;width:48%;\"><div class=\"fusion-column-wrapper fusion-flex-column-wrapper-legacy\"><div class=\"fusion-text fusion-text-1\"><p style=\"letter-spacing: 4px; font-size: 13px; text-align: center; margin-bottom: 0px;\">GASTRONOMIA<\/p>\n<h1 style=\"text-align: center;\">Restauracja<\/h1>\n<\/div><div class=\"fusion-sep-clear\"><\/div><div class=\"fusion-separator\" style=\"margin-left: auto;margin-right: auto;margin-top:0px;margin-bottom:20px;width:100%;max-width:50px;\"><div class=\"fusion-separator-border sep-single sep-solid\" style=\"--awb-height:20px;--awb-amount:20px;--awb-sep-color:#cbaa5c;border-color:#cbaa5c;border-top-width:1px;\"><\/div><\/div><div class=\"fusion-sep-clear\"><\/div><div class=\"fusion-text fusion-text-2\"><p style=\"text-align: center;\">Posi\u0142kami w o\u015brodku Hvar Sport Resort mo\u017cna delektowa\u0107 si\u0119 w restauracji Pirat na letnim tarasie nad samym morzem, z kt\u00f3rego roztacza si\u0119 widok na zach\u00f3d lub wsch\u00f3d s\u0142o\u0144ca. Kuchnia oparta jest na \u015bwie\u017cej \u017cywno\u015bci, kt\u00f3r\u0105 kupujemy od lokalnych rolnik\u00f3w. Restauracja czynna jest od wczesnych godzin porannych, dzi\u0119ki czemu mo\u017cna delektowa\u0107 si\u0119 porann\u0105 kaw\u0105, \u015bwie\u017cymi sokami domowej roboty, a tak\u017ce naszymi domowymi dalmaty\u0144skimi produktami (www.dalmatinske.com). Menu na lunch i kolacj\u0119 obejmuje specja\u0142y kuchni dalmaty\u0144skiej, w\u0142oskiej, s\u0142owackiej, czeskiej i w\u0119gierskiej oraz najlepszy wyb\u00f3r stek\u00f3w w okolicy. Na miejscu mo\u017cna skosztowa\u0107 \u015bwie\u017cych ryb dostarczanych przez lokalnych rybak\u00f3w. Restauracja oferuje r\u00f3wnie\u017c specja\u0142y, takie jak pieczona jagni\u0119cina, pieczona \u015bwinia, kt\u00f3re przygotowywane s\u0105 na grillu na \u015bwie\u017cym powietrzu bezpo\u015brednio w o\u015brodku.<\/p>\n<\/div><div class=\"fusion-aligncenter\"><a class=\"fusion-button button-flat fusion-button-default-size button-default fusion-button-default button-1 fusion-button-default-span fusion-button-default-type\" target=\"_blank\" rel=\"noopener noreferrer\" href=\"https:\/\/resorthvar.com\/wp-content\/uploads\/2020\/07\/200720_HSRA_Pirat-Bar_Menu_II.pdf\"><i class=\"fa-utensils fas awb-button__icon awb-button__icon--default button-icon-left\" aria-hidden=\"true\"><\/i><span class=\"fusion-button-text awb-button__text awb-button__text--default\">Menu<\/span><\/a><\/div><div class=\"fusion-clearfix\"><\/div><\/div><\/div><\/div><\/div><div class=\"fusion-fullwidth fullwidth-box fusion-builder-row-2 nonhundred-percent-fullwidth non-hundred-percent-height-scrolling fusion-equal-height-columns\" style=\"--awb-background-position:left top;--awb-border-radius-top-left:0px;--awb-border-radius-top-right:0px;--awb-border-radius-bottom-right:0px;--awb-border-radius-bottom-left:0px;--awb-padding-top:15px;--awb-padding-bottom:85px;--awb-border-sizes-top:0px;--awb-border-sizes-bottom:0px;--awb-flex-wrap:wrap;\" ><div class=\"fusion-builder-row fusion-row\"><div class=\"fusion-layout-column fusion_builder_column fusion-builder-column-2 fusion_builder_column_1_2 1_2 fusion-one-half fusion-column-first\" style=\"--awb-bg-size:cover;width:48%; margin-right: 4%;\"><div class=\"fusion-column-wrapper fusion-column-has-shadow fusion-flex-column-wrapper-legacy\"><div class=\"fusion-column-content-centered\"><div class=\"fusion-column-content\"><div class=\"fusion-text fusion-text-3\"><p style=\"letter-spacing: 4px; font-size: 13px; text-align: center; margin-bottom: 0px;\">GASTRONOMIA<\/p>\n<h1 style=\"text-align: center;\">Pirate Bar &amp; Grill<\/h1>\n<\/div><div class=\"fusion-sep-clear\"><\/div><div class=\"fusion-separator\" style=\"margin-left: auto;margin-right: auto;margin-top:0px;margin-bottom:20px;width:100%;max-width:50px;\"><div class=\"fusion-separator-border sep-single sep-solid\" style=\"--awb-height:20px;--awb-amount:20px;--awb-sep-color:#cbaa5c;border-color:#cbaa5c;border-top-width:1px;\"><\/div><\/div><div class=\"fusion-sep-clear\"><\/div><div class=\"fusion-text fusion-text-4\"><p style=\"text-align: center;\">Nawet wieczorem nie b\u0119dziesz si\u0119 z nami nudzi\u0107. Pirat and Cocktail Bar dysponuje tarasem na parterze i na dachu, z kt\u00f3rego roztacza si\u0119 widok na zatok\u0119 Blace, przeciwleg\u0142\u0105 g\u00f3r\u0119 Biokovo, p\u00f3\u0142wysep Peljesac i wysp\u0119 Korcula. Dost\u0119pnych jest kilka rodzaj\u00f3w piwa, z kt\u00f3rych podstawowym jest Pilsner z kranu. Mi\u0142o\u015bnikom wina oferujemy wyb\u00f3r bia\u0142ych, czerwonych i r\u00f3\u017cowych win z Chorwacji, W\u0142och, Austrii, Niemiec, Czech i S\u0142owacji. Nie zapominamy r\u00f3wnie\u017c o paniach, dla kt\u00f3rych przygotowali\u015bmy kilka rodzaj\u00f3w Prosecco i drink\u00f3w mieszanych. Oczywi\u015bcie my\u015blimy r\u00f3wnie\u017c o najm\u0142odszych, dla kt\u00f3rych oferujemy domowe soki 100% z owoc\u00f3w. Bar jest otwarty dla klient\u00f3w siedem dni w tygodniu, od rana do p\u00f3\u017anego wieczora. Bardzo popularne w\u015br\u00f3d dzieci s\u0105 wieczorne projekcje bajek i film\u00f3w dla dzieci w naszym wieczornym amfiteatrze na pla\u017cy na \u015bwie\u017cym powietrzu pod go\u0142ym niebem z bezp\u0142atnym popcornem dla dzieci.<\/p>\n<\/div><div class=\"fusion-builder-row fusion-builder-row-inner fusion-row\"><div class=\"fusion-layout-column fusion_builder_column_inner fusion-builder-nested-column-1 fusion_builder_column_inner_1_2 1_2 fusion-one-half fusion-column-first\" style=\"--awb-bg-size:cover;width:50%;width:calc(50% - ( ( 4% ) * 0.5 ) );margin-right: 4%;\"><div class=\"fusion-column-wrapper fusion-column-has-shadow fusion-flex-column-wrapper-legacy\"><div class=\"fusion-aligncenter\"><a class=\"fusion-button button-flat fusion-button-default-size button-default fusion-button-default button-2 fusion-button-default-span fusion-button-default-type\" target=\"_blank\" rel=\"noopener noreferrer\" href=\"https:\/\/resorthvar.com\/wp-content\/uploads\/2020\/07\/200720_HSRA_Pirat-Bar_napojovy-listok.pdf\"><i class=\"fa-glass-cheers fas awb-button__icon awb-button__icon--default button-icon-left\" aria-hidden=\"true\"><\/i><span class=\"fusion-button-text awb-button__text awb-button__text--default\">Menu napoj\u00f3w<\/span><\/a><\/div><div class=\"fusion-clearfix\"><\/div><\/div><\/div><div class=\"fusion-layout-column fusion_builder_column_inner fusion-builder-nested-column-2 fusion_builder_column_inner_1_2 1_2 fusion-one-half fusion-column-last\" style=\"--awb-bg-size:cover;width:50%;width:calc(50% - ( ( 4% ) * 0.5 ) );\"><div class=\"fusion-column-wrapper fusion-column-has-shadow fusion-flex-column-wrapper-legacy\"><div class=\"fusion-aligncenter\"><a class=\"fusion-button button-flat fusion-button-default-size button-default fusion-button-default button-3 fusion-button-default-span fusion-button-default-type\" target=\"_blank\" rel=\"noopener noreferrer\" href=\"https:\/\/resorthvar.com\/wp-content\/uploads\/2020\/06\/vinna_karta_hsr.pdf\"><i class=\"fa-wine-bottle fas awb-button__icon awb-button__icon--default button-icon-left\" aria-hidden=\"true\"><\/i><span class=\"fusion-button-text awb-button__text awb-button__text--default\">Lista win<\/span><\/a><\/div><div class=\"fusion-clearfix\"><\/div><\/div><\/div><\/div><\/div><\/div><div class=\"fusion-clearfix\"><\/div><\/div><\/div><div class=\"fusion-layout-column fusion_builder_column fusion-builder-column-3 fusion_builder_column_1_2 1_2 fusion-one-half fusion-column-last\" style=\"--awb-bg-color:#ffffff;--awb-bg-color-hover:#ffffff;--awb-bg-size:cover;--awb-border-color:#ebeef1;--awb-border-style:solid;width:48%;\"><div class=\"fusion-column-wrapper fusion-column-has-shadow fusion-flex-column-wrapper-legacy\"><div class=\"fusion-column-content-centered\"><div class=\"fusion-column-content\"><div class=\"fusion-builder-row fusion-builder-row-inner fusion-row\"><div class=\"fusion-layout-column fusion_builder_column_inner fusion-builder-nested-column-3 fusion_builder_column_inner_1_1 1_1 fusion-one-full fusion-column-first fusion-column-last\" style=\"--awb-bg-size:cover;\"><div class=\"fusion-column-wrapper fusion-column-has-shadow fusion-flex-column-wrapper-legacy\"><div class=\"fusion-image-element fusion-image-align-center in-legacy-container\" style=\"text-align:center;--awb-caption-title-font-family:var(--h2_typography-font-family);--awb-caption-title-font-weight:var(--h2_typography-font-weight);--awb-caption-title-font-style:var(--h2_typography-font-style);--awb-caption-title-size:var(--h2_typography-font-size);--awb-caption-title-transform:var(--h2_typography-text-transform);--awb-caption-title-line-height:var(--h2_typography-line-height);--awb-caption-title-letter-spacing:var(--h2_typography-letter-spacing);\"><div class=\"imageframe-align-center\"><span class=\" fusion-imageframe imageframe-none imageframe-1 hover-type-none\"><img decoding=\"async\" width=\"960\" height=\"424\" title=\"18221671_1141507072662230_3168751050827917565_n\" src=\"https:\/\/resorthvar.com\/wp-content\/uploads\/2022\/03\/18221671_1141507072662230_3168751050827917565_n-e1647359984705.jpg\" alt class=\"img-responsive wp-image-8855\" srcset=\"https:\/\/resorthvar.com\/wp-content\/uploads\/2022\/03\/18221671_1141507072662230_3168751050827917565_n-e1647359984705-200x88.jpg 200w, https:\/\/resorthvar.com\/wp-content\/uploads\/2022\/03\/18221671_1141507072662230_3168751050827917565_n-e1647359984705-400x177.jpg 400w, https:\/\/resorthvar.com\/wp-content\/uploads\/2022\/03\/18221671_1141507072662230_3168751050827917565_n-e1647359984705-600x265.jpg 600w, https:\/\/resorthvar.com\/wp-content\/uploads\/2022\/03\/18221671_1141507072662230_3168751050827917565_n-e1647359984705-800x353.jpg 800w, https:\/\/resorthvar.com\/wp-content\/uploads\/2022\/03\/18221671_1141507072662230_3168751050827917565_n-e1647359984705.jpg 960w\" sizes=\"(max-width: 800px) 100vw, 960px\" \/><\/span><\/div><\/div><div class=\"fusion-sep-clear\"><\/div><div class=\"fusion-separator fusion-full-width-sep\" style=\"margin-left: auto;margin-right: auto;margin-bottom:20px;width:100%;\"><\/div><div class=\"fusion-sep-clear\"><\/div><div class=\"awb-gallery-wrapper awb-gallery-wrapper-2 button-span-no\"><div style=\"margin:-5px;--awb-bordersize:0px;\" class=\"fusion-gallery fusion-gallery-container fusion-grid-2 fusion-columns-total-2 fusion-gallery-layout-grid fusion-gallery-2\"><div style=\"padding:5px;\" class=\"fusion-grid-column fusion-gallery-column fusion-gallery-column-2 hover-type-none\"><div class=\"fusion-gallery-image\"><a href=\"https:\/\/resorthvar.com\/wp-content\/uploads\/2022\/03\/69227800_1835845129895084_8019284943332966400_n.jpg\" rel=\"noreferrer\" data-rel=\"iLightbox[gallery_image_2]\" class=\"fusion-lightbox\" target=\"_self\"><img decoding=\"async\" src=\"https:\/\/resorthvar.com\/wp-content\/uploads\/2022\/03\/69227800_1835845129895084_8019284943332966400_n-460x295.jpg\" width=\"460\" height=\"295\" alt=\"\" title=\"69227800_1835845129895084_8019284943332966400_n\" aria-label=\"69227800_1835845129895084_8019284943332966400_n\" class=\"img-responsive wp-image-3589 fusion-gallery-image-size-fixed\"  \/><\/a><\/div><\/div><div style=\"padding:5px;\" class=\"fusion-grid-column fusion-gallery-column fusion-gallery-column-2 hover-type-none\"><div class=\"fusion-gallery-image\"><a href=\"https:\/\/resorthvar.com\/wp-content\/uploads\/2022\/03\/179203597_2486726274806963_4808248482483361933_n-1-e1647359789857.jpg\" rel=\"noreferrer\" data-rel=\"iLightbox[gallery_image_2]\" class=\"fusion-lightbox\" target=\"_self\"><img decoding=\"async\" src=\"https:\/\/resorthvar.com\/wp-content\/uploads\/2022\/03\/179203597_2486726274806963_4808248482483361933_n-1-e1647359789857-460x295.jpg\" width=\"460\" height=\"295\" alt=\"\" title=\"179203597_2486726274806963_4808248482483361933_n (1)\" aria-label=\"179203597_2486726274806963_4808248482483361933_n (1)\" class=\"img-responsive wp-image-3590 fusion-gallery-image-size-fixed\"  \/><\/a><\/div><\/div><div class=\"clearfix\"><\/div><\/div><\/div><div class=\"fusion-clearfix\"><\/div><\/div><\/div><\/div><\/div><\/div><div class=\"fusion-clearfix\"><\/div><\/div><\/div><\/div><\/div><div class=\"fusion-fullwidth fullwidth-box fusion-builder-row-3 fusion-parallax-fixed nonhundred-percent-fullwidth non-hundred-percent-height-scrolling\" style=\"--awb-border-radius-top-left:0px;--awb-border-radius-top-right:0px;--awb-border-radius-bottom-right:0px;--awb-border-radius-bottom-left:0px;--awb-padding-top:250px;--awb-padding-bottom:250px;--awb-background-color:#f4f6f8;--awb-background-image:url(&quot;https:\/\/resorthvar.com\/wp-content\/uploads\/2020\/07\/gastro_hvar.jpg&quot;);--awb-background-size:cover;--awb-border-sizes-top:0px;--awb-border-sizes-bottom:0px;--awb-flex-wrap:wrap;background-attachment:fixed;\" ><div class=\"fusion-builder-row fusion-row\"><\/div><\/div><div class=\"fusion-fullwidth fullwidth-box fusion-builder-row-4 nonhundred-percent-fullwidth non-hundred-percent-height-scrolling\" style=\"--awb-background-position:left top;--awb-border-radius-top-left:0px;--awb-border-radius-top-right:0px;--awb-border-radius-bottom-right:0px;--awb-border-radius-bottom-left:0px;--awb-padding-top:85px;--awb-padding-bottom:85px;--awb-border-sizes-top:0px;--awb-border-sizes-bottom:0px;--awb-flex-wrap:wrap;\" ><div class=\"fusion-builder-row fusion-row\"><div class=\"fusion-layout-column fusion_builder_column fusion-builder-column-4 fusion_builder_column_1_2 1_2 fusion-one-half fusion-column-first\" style=\"--awb-bg-color:#ffffff;--awb-bg-color-hover:#ffffff;--awb-bg-size:cover;--awb-border-color:#ebeef1;--awb-border-style:solid;width:48%; margin-right: 4%;\"><div class=\"fusion-column-wrapper fusion-column-has-shadow fusion-flex-column-wrapper-legacy\"><div class=\"fusion-column-content-centered\"><div class=\"fusion-column-content\"><div class=\"fusion-builder-row fusion-builder-row-inner fusion-row\"><div class=\"fusion-layout-column fusion_builder_column_inner fusion-builder-nested-column-4 fusion_builder_column_inner_1_1 1_1 fusion-one-full fusion-column-first fusion-column-last\" style=\"--awb-bg-size:cover;\"><div class=\"fusion-column-wrapper fusion-column-has-shadow fusion-flex-column-wrapper-legacy\"><div class=\"awb-gallery-wrapper awb-gallery-wrapper-3 button-span-no\"><div style=\"margin:-10px;--awb-bordersize:0px;\" class=\"fusion-gallery fusion-gallery-container fusion-grid-2 fusion-columns-total-6 fusion-gallery-layout-grid fusion-gallery-3\"><div style=\"padding:10px;\" class=\"fusion-grid-column fusion-gallery-column fusion-gallery-column-2 hover-type-none\"><div class=\"fusion-gallery-image\"><a href=\"https:\/\/resorthvar.com\/wp-content\/uploads\/2020\/07\/hsr_gastronomia_5.jpg\" rel=\"noreferrer\" data-rel=\"iLightbox[gallery_image_3]\" class=\"fusion-lightbox\" target=\"_self\"><img decoding=\"async\" src=\"https:\/\/resorthvar.com\/wp-content\/uploads\/2020\/07\/hsr_gastronomia_5-460x295.jpg\" width=\"460\" height=\"295\" alt=\"\" title=\"hsr_gastronomia_5\" aria-label=\"hsr_gastronomia_5\" class=\"img-responsive wp-image-2107 fusion-gallery-image-size-fixed\"  \/><\/a><\/div><\/div><div style=\"padding:10px;\" class=\"fusion-grid-column fusion-gallery-column fusion-gallery-column-2 hover-type-none\"><div class=\"fusion-gallery-image\"><a href=\"https:\/\/resorthvar.com\/wp-content\/uploads\/2020\/07\/hsr_gastronomia_6.jpg\" rel=\"noreferrer\" data-rel=\"iLightbox[gallery_image_3]\" class=\"fusion-lightbox\" target=\"_self\"><img decoding=\"async\" src=\"https:\/\/resorthvar.com\/wp-content\/uploads\/2020\/07\/hsr_gastronomia_6-460x295.jpg\" width=\"460\" height=\"295\" alt=\"\" title=\"hsr_gastronomia_6\" aria-label=\"hsr_gastronomia_6\" class=\"img-responsive wp-image-2108 fusion-gallery-image-size-fixed\"  \/><\/a><\/div><\/div><div class=\"clearfix\"><\/div><div style=\"padding:10px;\" class=\"fusion-grid-column fusion-gallery-column fusion-gallery-column-2 hover-type-none\"><div class=\"fusion-gallery-image\"><a href=\"https:\/\/resorthvar.com\/wp-content\/uploads\/2020\/07\/hsr_gastronomia_7.jpg\" rel=\"noreferrer\" data-rel=\"iLightbox[gallery_image_3]\" class=\"fusion-lightbox\" target=\"_self\"><img decoding=\"async\" src=\"https:\/\/resorthvar.com\/wp-content\/uploads\/2020\/07\/hsr_gastronomia_7-460x295.jpg\" width=\"460\" height=\"295\" alt=\"\" title=\"hsr_gastronomia_7\" aria-label=\"hsr_gastronomia_7\" class=\"img-responsive wp-image-2109 fusion-gallery-image-size-fixed\"  \/><\/a><\/div><\/div><div style=\"padding:10px;\" class=\"fusion-grid-column fusion-gallery-column fusion-gallery-column-2 hover-type-none\"><div class=\"fusion-gallery-image\"><a href=\"https:\/\/resorthvar.com\/wp-content\/uploads\/2020\/07\/hsr_gastronomia_8.jpg\" rel=\"noreferrer\" data-rel=\"iLightbox[gallery_image_3]\" class=\"fusion-lightbox\" target=\"_self\"><img decoding=\"async\" src=\"https:\/\/resorthvar.com\/wp-content\/uploads\/2020\/07\/hsr_gastronomia_8-460x295.jpg\" width=\"460\" height=\"295\" alt=\"\" title=\"hsr_gastronomia_8\" aria-label=\"hsr_gastronomia_8\" class=\"img-responsive wp-image-2110 fusion-gallery-image-size-fixed\"  \/><\/a><\/div><\/div><div class=\"clearfix\"><\/div><div style=\"padding:10px;\" class=\"fusion-grid-column fusion-gallery-column fusion-gallery-column-2 hover-type-none\"><div class=\"fusion-gallery-image\"><a href=\"https:\/\/resorthvar.com\/wp-content\/uploads\/2020\/07\/hsr_gastronomia_9.jpg\" rel=\"noreferrer\" data-rel=\"iLightbox[gallery_image_3]\" class=\"fusion-lightbox\" target=\"_self\"><img decoding=\"async\" src=\"https:\/\/resorthvar.com\/wp-content\/uploads\/2020\/07\/hsr_gastronomia_9-460x295.jpg\" width=\"460\" height=\"295\" alt=\"\" title=\"hsr_gastronomia_9\" aria-label=\"hsr_gastronomia_9\" class=\"img-responsive wp-image-2116 fusion-gallery-image-size-fixed\"  \/><\/a><\/div><\/div><div style=\"padding:10px;\" class=\"fusion-grid-column fusion-gallery-column fusion-gallery-column-2 hover-type-none\"><div class=\"fusion-gallery-image\"><a href=\"https:\/\/resorthvar.com\/wp-content\/uploads\/2020\/07\/hsr_gastronomia_10.jpg\" rel=\"noreferrer\" data-rel=\"iLightbox[gallery_image_3]\" class=\"fusion-lightbox\" target=\"_self\"><img decoding=\"async\" src=\"https:\/\/resorthvar.com\/wp-content\/uploads\/2020\/07\/hsr_gastronomia_10-460x295.jpg\" width=\"460\" height=\"295\" alt=\"\" title=\"hsr_gastronomia_10\" aria-label=\"hsr_gastronomia_10\" class=\"img-responsive wp-image-2117 fusion-gallery-image-size-fixed\"  \/><\/a><\/div><\/div><div class=\"clearfix\"><\/div><\/div><\/div><div class=\"fusion-clearfix\"><\/div><\/div><\/div><\/div><\/div><\/div><div class=\"fusion-clearfix\"><\/div><\/div><\/div><div class=\"fusion-layout-column fusion_builder_column fusion-builder-column-5 fusion_builder_column_1_2 1_2 fusion-one-half fusion-column-last\" style=\"--awb-bg-size:cover;width:48%;\"><div class=\"fusion-column-wrapper fusion-column-has-shadow fusion-flex-column-wrapper-legacy\"><div class=\"fusion-column-content-centered\"><div class=\"fusion-column-content\"><div class=\"fusion-text fusion-text-5\"><p style=\"letter-spacing: 4px; font-size: 13px; text-align: center; margin-bottom: 0px;\">GASTRONOMIA<\/p>\n<h1 style=\"text-align: center;\">W\u0119gorze i \u017caby z delty Neretwy<\/h1>\n<\/div><div class=\"fusion-sep-clear\"><\/div><div class=\"fusion-separator\" style=\"margin-left: auto;margin-right: auto;margin-top:0px;margin-bottom:20px;width:100%;max-width:50px;\"><div class=\"fusion-separator-border sep-single sep-solid\" style=\"--awb-height:20px;--awb-amount:20px;--awb-sep-color:#cbaa5c;border-color:#cbaa5c;border-top-width:1px;\"><\/div><\/div><div class=\"fusion-sep-clear\"><\/div><div class=\"fusion-text fusion-text-6\"><p style=\"text-align: center;\">W wodach dolnego biegu rzeki Neretwy (30 km od Drvenika), gdzie <strong>woda rzeczna miesza si\u0119 z wod\u0105 morsk\u0105<\/strong>, powstaje <strong>woda s\u0142onawa<\/strong>, kt\u00f3ra jest niezwykle bogata w r\u00f3\u017cne gatunki ryb. Jednak atrakcj\u0105 w tym przypadku nie jest ryba, ale <strong>w\u0119gorz rzeczny<\/strong>, kt\u00f3ry jest <strong>specjalno\u015bci\u0105 lokalnej kuchni delty Neretwy<\/strong> i jest przygotowywany na r\u00f3\u017cne sposoby.<\/p>\n<p style=\"text-align: center;\"><strong>Smakosze<\/strong>, kt\u00f3rzy lubi\u0105 pr\u00f3bowa\u0107 nowych rzeczy i smak\u00f3w, b\u0119d\u0105 <strong>mogli<\/strong> skosztowa\u0107 r\u00f3\u017cnych regionalnych <strong>specja\u0142\u00f3w z w\u0119gorza, \u017cab lub dziczyzny<\/strong>. Mo\u017cna tu skosztowa\u0107 <strong>\u017cabich udek przyrz\u0105dzonych na r\u00f3\u017cne sposoby, brudetu z w\u0119gorza<\/strong> (rodzaj cie\u0144szego gulaszu), <strong>\u017cabiego risotto, w\u0119gorzy w stylu my\u015bliwskim<\/strong> i nie tylko.<\/p>\n<\/div><\/div><\/div><div class=\"fusion-clearfix\"><\/div><\/div><\/div><\/div><\/div><\/p>\n","protected":false},"excerpt":{"rendered":"","protected":false},"author":5,"featured_media":0,"parent":0,"menu_order":0,"comment_status":"open","ping_status":"open","template":"100-width.php","meta":{"_monsterinsights_skip_tracking":false,"_monsterinsights_sitenote_active":false,"_monsterinsights_sitenote_note":"","_monsterinsights_sitenote_category":0,"footnotes":""},"class_list":["post-9659","page","type-page","status-publish","hentry"],"_links":{"self":[{"href":"https:\/\/resorthvar.com\/pl\/wp-json\/wp\/v2\/pages\/9659","targetHints":{"allow":["GET"]}}],"collection":[{"href":"https:\/\/resorthvar.com\/pl\/wp-json\/wp\/v2\/pages"}],"about":[{"href":"https:\/\/resorthvar.com\/pl\/wp-json\/wp\/v2\/types\/page"}],"author":[{"embeddable":true,"href":"https:\/\/resorthvar.com\/pl\/wp-json\/wp\/v2\/users\/5"}],"replies":[{"embeddable":true,"href":"https:\/\/resorthvar.com\/pl\/wp-json\/wp\/v2\/comments?post=9659"}],"version-history":[{"count":2,"href":"https:\/\/resorthvar.com\/pl\/wp-json\/wp\/v2\/pages\/9659\/revisions"}],"predecessor-version":[{"id":9675,"href":"https:\/\/resorthvar.com\/pl\/wp-json\/wp\/v2\/pages\/9659\/revisions\/9675"}],"wp:attachment":[{"href":"https:\/\/resorthvar.com\/pl\/wp-json\/wp\/v2\/media?parent=9659"}],"curies":[{"name":"wp","href":"https:\/\/api.w.org\/{rel}","templated":true}]}}