{"id":9562,"date":"2023-06-01T19:23:31","date_gmt":"2023-06-01T17:23:31","guid":{"rendered":"https:\/\/resorthvar.com\/apartamenty-na-sprzedaz\/klejnot-hvaru\/"},"modified":"2023-08-09T15:15:11","modified_gmt":"2023-08-09T13:15:11","slug":"klejnot-hvaru","status":"publish","type":"page","link":"https:\/\/resorthvar.com\/pl\/apartamenty-na-sprzedaz\/klejnot-hvaru\/","title":{"rendered":"Klejnot Hvaru"},"content":{"rendered":"<p><div class=\"fusion-fullwidth fullwidth-box fusion-builder-row-1 nonhundred-percent-fullwidth non-hundred-percent-height-scrolling\" style=\"--awb-background-position:left top;--awb-border-radius-top-left:0px;--awb-border-radius-top-right:0px;--awb-border-radius-bottom-right:0px;--awb-border-radius-bottom-left:0px;--awb-padding-top:0px;--awb-border-sizes-top:0px;--awb-border-sizes-bottom:0px;--awb-flex-wrap:wrap;\" ><div class=\"fusion-builder-row fusion-row\"><div class=\"fusion-layout-column fusion_builder_column fusion-builder-column-0 fusion_builder_column_3_5 3_5 fusion-three-fifth fusion-column-first\" style=\"--awb-padding-right:20px;--awb-padding-left:20px;--awb-bg-position:right bottom;--awb-bg-size:cover;width:58.4%; margin-right: 4%;\"><div class=\"fusion-column-wrapper fusion-column-has-shadow fusion-flex-column-wrapper-legacy\"><div class=\"fusion-sep-clear\"><\/div><div class=\"fusion-separator fusion-full-width-sep\" style=\"margin-left: auto;margin-right: auto;margin-bottom:20px;width:100%;\"><div class=\"fusion-separator-border sep-single sep-solid\" style=\"--awb-height:20px;--awb-amount:20px;--awb-sep-color:#cbaa5c;border-color:#cbaa5c;border-top-width:1px;\"><\/div><\/div><div class=\"fusion-sep-clear\"><\/div><div class=\"fusion-text fusion-text-1\"><p style=\"text-align: center;\"><strong>Hvar Sport Resort<\/strong> w ko\u0144cowej fazie sprzeda\u017cy oferuje jeden z najpi\u0119kniejszych i <strong>najbardziej<\/strong> <strong>luksusowych<\/strong> apartament\u00f3w w po\u0142udniowej Dalmacji &#8211; klejnot wyspy Hvar, <strong>apartament S5<\/strong>. Apartament ma powierzchni\u0119 90,29 m2, 5 luksusowo urz\u0105dzonych pokoi, du\u017ce przestronne tarasy, z g\u0142\u00f3wnym tarasem znajduj\u0105cym si\u0119 od strony wyj\u015bcia z salonu, z kt\u00f3rego roztacza si\u0119 niezak\u0142\u00f3cony widok na morze z <strong>prywatnego jacuzzi<\/strong> znajduj\u0105cego si\u0119 na tarasie. Apartament jest wyposa\u017cony w <strong>zaawansowan\u0105 technologi\u0119<\/strong>, najnowszy sprz\u0119t, ch\u0142odzenie sufitowe, w\u0142asn\u0105 pomp\u0119 ciep\u0142a, a og\u00f3lnie jest umeblowany pod klucz. Apartament obejmuje r\u00f3wnie\u017c <strong>3 miejsca parkingowe<\/strong>, <strong>4 prywatne le\u017caki<\/strong> na prywatnej pla\u017cy obok baru i restauracji, a tak\u017ce <strong>luksusowe \u0142\u00f3\u017cko pla\u017cowe<\/strong>. Apartament posiada r\u00f3wnie\u017c ca\u0142y identyczny wymiar dachu, kt\u00f3ry s\u0142u\u017cy jako <strong>taras na dachu<\/strong>, gdzie b\u0119dzie sta\u0142a pergola dachowa, prysznic i luksusowe wygodne siedzenia dla maksymalnego komfortu relaksu.<\/p>\n<\/div><div class=\"fusion-sep-clear\"><\/div><div class=\"fusion-separator fusion-full-width-sep\" style=\"margin-left: auto;margin-right: auto;margin-top:0px;width:100%;\"><div class=\"fusion-separator-border sep-single sep-solid\" style=\"--awb-height:20px;--awb-amount:20px;--awb-sep-color:#cbaa5c;border-color:#cbaa5c;border-top-width:1px;\"><\/div><\/div><div class=\"fusion-sep-clear\"><\/div><div class=\"fusion-sep-clear\"><\/div><div class=\"fusion-separator fusion-full-width-sep\" style=\"margin-left: auto;margin-right: auto;margin-bottom:30px;width:100%;\"><\/div><div class=\"fusion-sep-clear\"><\/div><div class=\"fusion-image-element in-legacy-container\" style=\"--awb-caption-title-font-family:var(--h2_typography-font-family);--awb-caption-title-font-weight:var(--h2_typography-font-weight);--awb-caption-title-font-style:var(--h2_typography-font-style);--awb-caption-title-size:var(--h2_typography-font-size);--awb-caption-title-transform:var(--h2_typography-text-transform);--awb-caption-title-line-height:var(--h2_typography-line-height);--awb-caption-title-letter-spacing:var(--h2_typography-letter-spacing);\"><span class=\" fusion-imageframe imageframe-none imageframe-1 hover-type-none\"><img decoding=\"async\" width=\"988\" height=\"2048\" title=\"S5\" src=\"https:\/\/resorthvar.com\/wp-content\/uploads\/2023\/06\/S5-2.png\" alt class=\"img-responsive wp-image-9499\" srcset=\"https:\/\/resorthvar.com\/wp-content\/uploads\/2023\/06\/S5-2-200x415.png 200w, https:\/\/resorthvar.com\/wp-content\/uploads\/2023\/06\/S5-2-400x829.png 400w, https:\/\/resorthvar.com\/wp-content\/uploads\/2023\/06\/S5-2-600x1244.png 600w, https:\/\/resorthvar.com\/wp-content\/uploads\/2023\/06\/S5-2-800x1658.png 800w, https:\/\/resorthvar.com\/wp-content\/uploads\/2023\/06\/S5-2.png 988w\" sizes=\"(max-width: 800px) 100vw, 800px\" \/><\/span><\/div><div class=\"fusion-clearfix\"><\/div><\/div><\/div><div class=\"fusion-layout-column fusion_builder_column fusion-builder-column-1 fusion_builder_column_2_5 2_5 fusion-two-fifth fusion-column-last item stickybox-1\" style=\"--awb-bg-position:right bottom;--awb-bg-size:cover;--awb-border-color:#ebeef1;--awb-border-style:solid;width:37.6%;\"><div class=\"fusion-column-wrapper fusion-column-has-shadow fusion-flex-column-wrapper-legacy\"><div class=\"fusion-builder-row fusion-builder-row-inner fusion-row\"><div class=\"fusion-layout-column fusion_builder_column_inner fusion-builder-nested-column-0 fusion_builder_column_inner_1_1 1_1 fusion-one-full fusion-column-first fusion-column-last\" style=\"--awb-padding-top:45px;--awb-padding-right:45px;--awb-padding-bottom:45px;--awb-padding-left:45px;--awb-bg-color:#f4f6f8;--awb-bg-color-hover:#f4f6f8;--awb-bg-size:cover;--awb-border-color:#ebeef1;--awb-border-top:1px;--awb-border-right:1px;--awb-border-bottom:1px;--awb-border-left:1px;--awb-border-style:solid;\"><div class=\"fusion-column-wrapper fusion-column-has-shadow fusion-flex-column-wrapper-legacy\"><div class=\"fusion-text fusion-text-2\"><h2 style=\"text-align: center;\">Jeste\u015b zainteresowany nasz\u0105 ofert\u0105?<\/h2>\n<\/div><div class=\"fusion-sep-clear\"><\/div><div class=\"fusion-separator fusion-full-width-sep\" style=\"margin-left: auto;margin-right: auto;margin-top:0px;margin-bottom:20px;width:100%;\"><div class=\"fusion-separator-border sep-single sep-solid\" style=\"--awb-height:20px;--awb-amount:20px;--awb-sep-color:#cbaa5c;border-color:#cbaa5c;border-top-width:1px;\"><\/div><\/div><div class=\"fusion-sep-clear\"><\/div><div class=\"fusion-text fusion-text-3\"><p style=\"text-align: center;\">Je\u015bli jeste\u015b zainteresowany nasz\u0105 ofert\u0105, wype\u0142nij formularz, a my skontaktujemy si\u0119 z Tob\u0105.<\/p>\n<\/div><div class=\"fusion-sep-clear\"><\/div><div class=\"fusion-separator fusion-full-width-sep\" style=\"margin-left: auto;margin-right: auto;margin-top:0px;margin-bottom:30px;width:100%;\"><div class=\"fusion-separator-border sep-single sep-solid\" style=\"--awb-height:20px;--awb-amount:20px;--awb-sep-color:#cbaa5c;border-color:#cbaa5c;border-top-width:1px;\"><\/div><\/div><div class=\"fusion-sep-clear\"><\/div><div class=\"fusion-aligncenter\"><a class=\"fusion-button button-flat fusion-button-default-size button-default fusion-button-default button-1 fusion-button-default-span fusion-button-default-type\" target=\"_self\" href=\"https:\/\/resorthvar.com\/#formular\"><span class=\"fusion-button-text awb-button__text awb-button__text--default\">Skontaktuj si\u0119 z nami<\/span><\/a><\/div><div class=\"fusion-clearfix\"><\/div><\/div><\/div><\/div><div class=\"fusion-clearfix\"><\/div><\/div><\/div><\/div><\/div><div class=\"fusion-fullwidth fullwidth-box fusion-builder-row-2 nonhundred-percent-fullwidth non-hundred-percent-height-scrolling\" style=\"--awb-border-radius-top-left:0px;--awb-border-radius-top-right:0px;--awb-border-radius-bottom-right:0px;--awb-border-radius-bottom-left:0px;--awb-margin-top:0%;--awb-flex-wrap:wrap;\" ><div class=\"fusion-builder-row fusion-row\"><div class=\"fusion-layout-column fusion_builder_column fusion-builder-column-2 fusion_builder_column_1_6 1_6 fusion-one-sixth fusion-column-first\" style=\"--awb-bg-size:cover;width:16.6666666667%;width:calc(16.6666666667% - ( ( 4% + 4% + 4% ) * 0.166666666667 ) );margin-right: 4%;\"><div class=\"fusion-column-wrapper fusion-column-has-shadow fusion-flex-column-wrapper-legacy\"><div class=\"fusion-clearfix\"><\/div><\/div><\/div><div class=\"fusion-layout-column fusion_builder_column fusion-builder-column-3 fusion_builder_column_1_3 1_3 fusion-one-third fusion-column-inner-bg-wrapper fusion-column-liftup-border\" style=\"--awb-inner-bg-size:cover;--awb-border-color:#d1a15a;--awb-inner-border-color:#d1a15a;--awb-border-top:4px;--awb-inner-border-top:4px;--awb-border-right:4px;--awb-inner-border-right:4px;--awb-border-bottom:4px;--awb-inner-border-bottom:4px;--awb-border-left:4px;--awb-inner-border-left:4px;--awb-border-style:solid;--awb-inner-border-style:solid;width:33.3333333333%;width:calc(33.3333333333% - ( ( 4% + 4% + 4% ) * 0.333333333333 ) );margin-right: 4%;\"><span class=\"fusion-column-inner-bg hover-type-liftup\"><a class=\"fusion-column-anchor\" href=\"https:\/\/resorthvar.com\/wp-content\/uploads\/2022\/05\/Vybavenie-apartmanov-.pdf\"><span class=\"fusion-column-inner-bg-image\"><\/span><\/a><\/span><div class=\"fusion-column-wrapper fusion-flex-column-wrapper-legacy\"><div class=\"fusion-title title fusion-title-1 fusion-title-center fusion-title-text fusion-title-size-one\" style=\"--awb-margin-top:3%;--awb-margin-bottom:3%;--awb-margin-top-small:0px;--awb-margin-right-small:0px;--awb-margin-bottom-small:20px;--awb-margin-left-small:0px;--awb-font-size:30px;\"><div class=\"title-sep-container title-sep-container-left\"><div class=\"title-sep sep- sep-solid\" style=\"border-color:#e0dede;\"><\/div><\/div><span class=\"awb-title-spacer\"><\/span><h1 class=\"fusion-title-heading title-heading-center fusion-responsive-typography-calculated\" style=\"margin:0;font-size:1em;--fontSize:30;line-height:1.11;\">Udogodnienia w apartamencie<\/h1><span class=\"awb-title-spacer\"><\/span><div class=\"title-sep-container title-sep-container-right\"><div class=\"title-sep sep- sep-solid\" style=\"border-color:#e0dede;\"><\/div><\/div><\/div><div class=\"fusion-clearfix\"><\/div><\/div><\/div><div class=\"fusion-layout-column fusion_builder_column fusion-builder-column-4 fusion_builder_column_1_3 1_3 fusion-one-third fusion-column-inner-bg-wrapper fusion-column-liftup-border\" style=\"--awb-inner-bg-size:cover;--awb-border-color:#d1a15a;--awb-inner-border-color:#d1a15a;--awb-border-top:4px;--awb-inner-border-top:4px;--awb-border-right:4px;--awb-inner-border-right:4px;--awb-border-bottom:4px;--awb-inner-border-bottom:4px;--awb-border-left:4px;--awb-inner-border-left:4px;--awb-border-style:solid;--awb-inner-border-style:solid;width:33.3333333333%;width:calc(33.3333333333% - ( ( 4% + 4% + 4% ) * 0.333333333333 ) );margin-right: 4%;\"><span class=\"fusion-column-inner-bg hover-type-liftup\"><a class=\"fusion-column-anchor\" href=\"https:\/\/resorthvar.com\/portfolio-items\/ii-etapa\/?portfolioCats=80\"><span class=\"fusion-column-inner-bg-image\"><\/span><\/a><\/span><div class=\"fusion-column-wrapper fusion-flex-column-wrapper-legacy\"><div class=\"fusion-title title fusion-title-2 fusion-title-center fusion-title-text fusion-title-size-one\" style=\"--awb-margin-top:3%;--awb-margin-bottom:3%;--awb-margin-top-small:0px;--awb-margin-right-small:0px;--awb-margin-bottom-small:20px;--awb-margin-left-small:0px;--awb-font-size:30px;\"><div class=\"title-sep-container title-sep-container-left\"><div class=\"title-sep sep- sep-solid\" style=\"border-color:#e0dede;\"><\/div><\/div><span class=\"awb-title-spacer\"><\/span><h1 class=\"fusion-title-heading title-heading-center fusion-responsive-typography-calculated\" style=\"margin:0;font-size:1em;--fontSize:30;line-height:1.11;\">Galeria II. etapy<\/h1><span class=\"awb-title-spacer\"><\/span><div class=\"title-sep-container title-sep-container-right\"><div class=\"title-sep sep- sep-solid\" style=\"border-color:#e0dede;\"><\/div><\/div><\/div><div class=\"fusion-clearfix\"><\/div><\/div><\/div><div class=\"fusion-layout-column fusion_builder_column fusion-builder-column-5 fusion_builder_column_1_6 1_6 fusion-one-sixth fusion-column-last\" style=\"--awb-bg-size:cover;width:16.6666666667%;width:calc(16.6666666667% - ( ( 4% + 4% + 4% ) * 0.166666666667 ) );\"><div class=\"fusion-column-wrapper fusion-column-has-shadow fusion-flex-column-wrapper-legacy\"><div class=\"fusion-clearfix\"><\/div><\/div><\/div><div class=\"fusion-layout-column fusion_builder_column fusion-builder-column-6 fusion_builder_column_1_1 1_1 fusion-one-full fusion-column-first fusion-column-last\" style=\"--awb-padding-top:90px;--awb-bg-size:cover;\"><div class=\"fusion-column-wrapper fusion-column-has-shadow fusion-flex-column-wrapper-legacy\"><div class=\"fusion-title title fusion-title-3 fusion-title-center fusion-title-text fusion-title-size-one\" style=\"--awb-margin-top-small:0px;--awb-margin-right-small:0px;--awb-margin-bottom-small:20px;--awb-margin-left-small:0px;\"><div class=\"title-sep-container title-sep-container-left\"><div class=\"title-sep sep- sep-solid\" style=\"border-color:#e0dede;\"><\/div><\/div><span class=\"awb-title-spacer\"><\/span><h1 class=\"fusion-title-heading title-heading-center fusion-responsive-typography-calculated\" style=\"margin:0;--fontSize:46;line-height:1.11;\">Wirtualna wycieczka po klejnocie wyspy Hvar<\/h1><span class=\"awb-title-spacer\"><\/span><div class=\"title-sep-container title-sep-container-right\"><div class=\"title-sep sep- sep-solid\" style=\"border-color:#e0dede;\"><\/div><\/div><\/div><div class=\"fusion-sep-clear\"><\/div><div class=\"fusion-separator fusion-full-width-sep\" style=\"margin-left: auto;margin-right: auto;margin-bottom:30px;width:100%;\"><div class=\"fusion-separator-border sep-single sep-solid\" style=\"--awb-height:20px;--awb-amount:20px;--awb-sep-color:#d1a15a;border-color:#d1a15a;border-top-width:1px;\"><\/div><\/div><div class=\"fusion-sep-clear\"><\/div><iframe width=\"100%\" height=\"550\" src=\"https:\/\/my.matterport.com\/show\/?m=rop8DCf1CtX\" frameborder=\"0\" allowfullscreen=\"\" allow=\"xr-spatial-tracking\"><\/iframe><div class=\"fusion-clearfix\"><\/div><\/div><\/div><\/div><\/div><\/p>\n","protected":false},"excerpt":{"rendered":"","protected":false},"author":5,"featured_media":0,"parent":9541,"menu_order":0,"comment_status":"closed","ping_status":"closed","template":"100-width.php","meta":{"_monsterinsights_skip_tracking":false,"_monsterinsights_sitenote_active":false,"_monsterinsights_sitenote_note":"","_monsterinsights_sitenote_category":0,"footnotes":""},"class_list":["post-9562","page","type-page","status-publish","hentry"],"_links":{"self":[{"href":"https:\/\/resorthvar.com\/pl\/wp-json\/wp\/v2\/pages\/9562","targetHints":{"allow":["GET"]}}],"collection":[{"href":"https:\/\/resorthvar.com\/pl\/wp-json\/wp\/v2\/pages"}],"about":[{"href":"https:\/\/resorthvar.com\/pl\/wp-json\/wp\/v2\/types\/page"}],"author":[{"embeddable":true,"href":"https:\/\/resorthvar.com\/pl\/wp-json\/wp\/v2\/users\/5"}],"replies":[{"embeddable":true,"href":"https:\/\/resorthvar.com\/pl\/wp-json\/wp\/v2\/comments?post=9562"}],"version-history":[{"count":7,"href":"https:\/\/resorthvar.com\/pl\/wp-json\/wp\/v2\/pages\/9562\/revisions"}],"predecessor-version":[{"id":9574,"href":"https:\/\/resorthvar.com\/pl\/wp-json\/wp\/v2\/pages\/9562\/revisions\/9574"}],"up":[{"embeddable":true,"href":"https:\/\/resorthvar.com\/pl\/wp-json\/wp\/v2\/pages\/9541"}],"wp:attachment":[{"href":"https:\/\/resorthvar.com\/pl\/wp-json\/wp\/v2\/media?parent=9562"}],"curies":[{"name":"wp","href":"https:\/\/api.w.org\/{rel}","templated":true}]}}